{"id":283,"date":"2021-03-24T09:57:36","date_gmt":"2021-03-24T09:57:36","guid":{"rendered":"https:\/\/bridge424.qodeinteractive.com\/?page_id=283"},"modified":"2026-04-07T15:06:08","modified_gmt":"2026-04-07T15:06:08","slug":"our-pricing-list","status":"publish","type":"page","link":"http:\/\/www.leppaluodonvenekerho.fi\/index.php\/our-pricing-list\/","title":{"rendered":"Hinnasto"},"content":{"rendered":"\t\t<div data-elementor-type=\"wp-page\" data-elementor-id=\"283\" class=\"elementor elementor-283\">\n\t\t\t\t\t\t<section class=\"elementor-section elementor-top-section elementor-element elementor-element-1da51ed elementor-section-full_width elementor-section-height-default elementor-section-height-default parallax_section_no qode_elementor_container_no\" data-id=\"1da51ed\" data-element_type=\"section\" data-settings=\"{&quot;background_background&quot;:&quot;classic&quot;}\">\n\t\t\t\t\t\t<div class=\"elementor-container elementor-column-gap-default\">\n\t\t\t\t\t<div class=\"elementor-column elementor-col-100 elementor-top-column elementor-element elementor-element-ca1a9f8\" data-id=\"ca1a9f8\" data-element_type=\"column\">\n\t\t\t<div class=\"elementor-widget-wrap elementor-element-populated\">\n\t\t\t\t<div class=\"elementor-element elementor-element-4c04909 e-flex e-con-boxed parallax_section_no qode_elementor_container_no e-con e-parent\" data-id=\"4c04909\" data-element_type=\"container\">\n\t\t\t\t\t<div class=\"e-con-inner\">\n\t\t<div class=\"elementor-element elementor-element-20c558d e-flex e-con-boxed parallax_section_no qode_elementor_container_no e-con e-child\" data-id=\"20c558d\" data-element_type=\"container\">\n\t\t\t\t\t<div class=\"e-con-inner\">\n\t\t\t\t<div class=\"elementor-element elementor-element-ccca368 elementor-widget elementor-widget-image\" data-id=\"ccca368\" data-element_type=\"widget\" data-widget_type=\"image.default\">\n\t\t\t\t<div class=\"elementor-widget-container\">\n\t\t\t\t\t\t\t\t\t\t\t\t\t\t\t<img fetchpriority=\"high\" decoding=\"async\" width=\"1000\" height=\"500\" src=\"http:\/\/www.leppaluodonvenekerho.fi\/wp-content\/uploads\/2024\/01\/telakka-1000x500.jpg\" class=\"attachment-portfolio_masonry_wide size-portfolio_masonry_wide wp-image-827\" alt=\"\" srcset=\"http:\/\/www.leppaluodonvenekerho.fi\/wp-content\/uploads\/2024\/01\/telakka-1000x500.jpg 1000w, http:\/\/www.leppaluodonvenekerho.fi\/wp-content\/uploads\/2024\/01\/telakka-1300x650.jpg 1300w\" sizes=\"(max-width: 1000px) 100vw, 1000px\" \/>\t\t\t\t\t\t\t\t\t\t\t\t\t\t\t<\/div>\n\t\t\t\t<\/div>\n\t\t\t\t\t<\/div>\n\t\t\t\t<\/div>\n\t\t\t\t<div class=\"elementor-element elementor-element-338ecde elementor-widget elementor-widget-text-editor\" data-id=\"338ecde\" data-element_type=\"widget\" data-widget_type=\"text-editor.default\">\n\t\t\t\t<div class=\"elementor-widget-container\">\n\t\t\t\t\t\t\t\t\t<p><strong>Hintatiedot vuodelle 2026<\/strong><\/p>\n<p>Liittymismaksu: 400,00 \u20ac<\/p>\n<p>Perhej\u00e4senen liittymismaksu: 80,00\u20ac<\/p>\n<p>J\u00e4senmaksu: 30,00 \u20ac<\/p>\n<p>Kimppaj\u00e4senen liitymismaksu: 80,00 \u20ac<\/p>\n<p>Laituriportin avaimen pantti: 40,00 \u20ac\/kpl<\/p>\n<p>Katsastusmaksu 10\u20ac<\/p>\n<p>Runkokatsastus 10\u20ac<\/p>\n<p>Talvis\u00e4ilytysmaksu: 7,00 \u20ac\/m2<\/p>\n<p>(V\u00e4hint\u00e4\u00e4n 60\u20ac. Lasketaan mink\u00e4 neli\u00f6m\u00e4\u00e4r\u00e4n vene vie tarvikkeineen )<\/p>\n<p>Huom! Veneiden s\u00e4ilytys 10.06 j\u00e4lkeen on kielletty\u00e4 alueella!<\/p>\t\t\t\t\t\t\t\t<\/div>\n\t\t\t\t<\/div>\n\t\t<div class=\"elementor-element elementor-element-cf20ba4 e-flex e-con-boxed parallax_section_no qode_elementor_container_no e-con e-child\" data-id=\"cf20ba4\" data-element_type=\"container\">\n\t\t\t\t\t<div class=\"e-con-inner\">\n\t\t\t\t<div class=\"elementor-element elementor-element-000e62b elementor-widget elementor-widget-text-editor\" data-id=\"000e62b\" data-element_type=\"widget\" data-widget_type=\"text-editor.default\">\n\t\t\t\t<div class=\"elementor-widget-container\">\n\t\t\t\t\t\t\t\t\t<p><strong>Laiturimaksut<\/strong><\/p><p>Venepaikan leveys (m)75,00 \u20ac\/kausi<\/p><p>Veneaisapaikat<\/p><p>2,0 m: 150,00\u20ac<\/p><p>2,5 m: 187,50\u20ac<\/p><p>3,0 m: 225,00\u20ac<\/p><p>3,5 m: 262,50\u20ac<\/p><p>K\u00e4velyaisapaikat<\/p><p>3,0 m: 275,00\u20ac<\/p><p>3,5 m: 312,50\u20ac<\/p><p>4,0 m: 350,00\u20ac<\/p><p>4,5 m: 387,50\u20ac<\/p><p>5,0 m: 425,00\u20ac<\/p><p>Jollapaikka 50,00\u20ac<\/p><p>(Veneen pit\u00e4\u00e4 olla v\u00e4hint\u00e4\u00e4n 40cm kapeampi kuin venepaikan)<\/p>\t\t\t\t\t\t\t\t<\/div>\n\t\t\t\t<\/div>\n\t\t\t\t\t<\/div>\n\t\t\t\t<\/div>\n\t\t\t\t\t<\/div>\n\t\t\t\t<\/div>\n\t\t<div class=\"elementor-element elementor-element-8ade31e e-flex e-con-boxed parallax_section_no qode_elementor_container_no e-con e-parent\" data-id=\"8ade31e\" data-element_type=\"container\">\n\t\t\t\t\t<div class=\"e-con-inner\">\n\t\t\t\t<div class=\"elementor-element elementor-element-0bb28a8 elementor-widget elementor-widget-text-editor\" data-id=\"0bb28a8\" data-element_type=\"widget\" data-widget_type=\"text-editor.default\">\n\t\t\t\t<div class=\"elementor-widget-container\">\n\t\t\t\t\t\t\t\t\t<p><strong>Kerhon myyt\u00e4v\u00e4t tuotteet<\/strong><\/p><p>Kerhon logolla varustetut veneiden per\u00e4liput ja veneenomistajan viirit ovat valmistettu s\u00e4\u00e4nkest\u00e4v\u00e4st\u00e4<\/p><p>lippuneuloksesta jonka materiaalina 100 % polyester. Kerhon logolla varustettujen venee per\u00e4lippujen ja<\/p><p>viirien hinnat ovat seuraavat.<\/p><p>\u2022Per\u00e4lippu 33x54cm 30\u20ac<\/p><p>\u2022Per\u00e4lippu 44x72cm 35\u20ac<\/p><p>\u2022Per\u00e4lippu 53x92cm 40\u20ac<\/p><p>\u2022Veneenomistajan kolmioviiri 20\u20ac\u00a0<\/p><p>Lippuja ja viirej\u00e4 myyv\u00e4t katsastusmiehet ja rahastonhoitaja. Lippuja ja viirej\u00e4 ei voi maksaa k\u00e4teisell\u00e4<\/p><p>vaan kerho l\u00e4hett\u00e4\u00e4 niist\u00e4 laskun.<\/p>\t\t\t\t\t\t\t\t<\/div>\n\t\t\t\t<\/div>\n\t\t\t\t\t<\/div>\n\t\t\t\t<\/div>\n\t\t<div class=\"elementor-element elementor-element-8ac5102 e-flex e-con-boxed parallax_section_no qode_elementor_container_no e-con e-parent\" data-id=\"8ac5102\" data-element_type=\"container\">\n\t\t\t\t\t<div class=\"e-con-inner\">\n\t\t\t\t<div class=\"elementor-element elementor-element-1dbb78f elementor-widget elementor-widget-text-editor\" data-id=\"1dbb78f\" data-element_type=\"widget\" data-widget_type=\"text-editor.default\">\n\t\t\t\t<div class=\"elementor-widget-container\">\n\t\t\t\t\t\t\t\t\t<p><strong>Lepp\u00e4luodon venekerho Ry:n postiosoite<\/strong><\/p><p>Lepp\u00e4luodon venekerho Ry<\/p><p>C\/o Marita Packal\u00e9n<\/p><p>Rauskurinne 5<\/p><p>01480 Vantaa<\/p><p>Lepp\u00e4luodon venekerho Ry:n tilinumero<\/p><p>Nordea Pankki Suomi OYj<\/p><p><strong>IBAN FI54 2259 3800 0037 07<\/strong><\/p><p>BIC NDEAFIHH<\/p><p>Mik\u00e4li viitenumeroa ei ole, muista merkit\u00e4 maksun aihe.<\/p>\t\t\t\t\t\t\t\t<\/div>\n\t\t\t\t<\/div>\n\t\t\t\t\t<\/div>\n\t\t\t\t<\/div>\n\t\t\t\t\t<\/div>\n\t\t<\/div>\n\t\t\t\t\t<\/div>\n\t\t<\/section>\n\t\t\t\t<\/div>\n\t\t","protected":false},"excerpt":{"rendered":"<p>Hintatiedot vuodelle 2026 Liittymismaksu: 400,00 \u20ac Perhej\u00e4senen liittymismaksu: 80,00\u20ac J\u00e4senmaksu: 30,00 \u20ac Kimppaj\u00e4senen liitymismaksu: 80,00 \u20ac Laituriportin&#8230;<\/p>\n","protected":false},"author":1,"featured_media":0,"parent":0,"menu_order":0,"comment_status":"closed","ping_status":"closed","template":"full_width.php","meta":{"footnotes":""},"_links":{"self":[{"href":"http:\/\/www.leppaluodonvenekerho.fi\/index.php\/wp-json\/wp\/v2\/pages\/283"}],"collection":[{"href":"http:\/\/www.leppaluodonvenekerho.fi\/index.php\/wp-json\/wp\/v2\/pages"}],"about":[{"href":"http:\/\/www.leppaluodonvenekerho.fi\/index.php\/wp-json\/wp\/v2\/types\/page"}],"author":[{"embeddable":true,"href":"http:\/\/www.leppaluodonvenekerho.fi\/index.php\/wp-json\/wp\/v2\/users\/1"}],"replies":[{"embeddable":true,"href":"http:\/\/www.leppaluodonvenekerho.fi\/index.php\/wp-json\/wp\/v2\/comments?post=283"}],"version-history":[{"count":34,"href":"http:\/\/www.leppaluodonvenekerho.fi\/index.php\/wp-json\/wp\/v2\/pages\/283\/revisions"}],"predecessor-version":[{"id":1158,"href":"http:\/\/www.leppaluodonvenekerho.fi\/index.php\/wp-json\/wp\/v2\/pages\/283\/revisions\/1158"}],"wp:attachment":[{"href":"http:\/\/www.leppaluodonvenekerho.fi\/index.php\/wp-json\/wp\/v2\/media?parent=283"}],"curies":[{"name":"wp","href":"https:\/\/api.w.org\/{rel}","templated":true}]}}