{"id":519,"date":"2021-03-25T08:23:46","date_gmt":"2021-03-25T08:23:46","guid":{"rendered":"https:\/\/bridge424.qodeinteractive.com\/?page_id=519"},"modified":"2026-04-07T14:52:17","modified_gmt":"2026-04-07T14:52:17","slug":"about-us","status":"publish","type":"page","link":"http:\/\/www.leppaluodonvenekerho.fi\/index.php\/about-us\/","title":{"rendered":"Hallitus"},"content":{"rendered":"\t\t<div data-elementor-type=\"wp-page\" data-elementor-id=\"519\" class=\"elementor elementor-519\">\n\t\t\t\t\t\t<section class=\"elementor-section elementor-top-section elementor-element elementor-element-f01c667 elementor-section-full_width elementor-section-height-default elementor-section-height-default parallax_section_no qode_elementor_container_no\" data-id=\"f01c667\" data-element_type=\"section\" data-settings=\"{&quot;background_background&quot;:&quot;classic&quot;}\">\n\t\t\t\t\t\t<div class=\"elementor-container elementor-column-gap-default\">\n\t\t\t\t\t<div class=\"elementor-column elementor-col-100 elementor-top-column elementor-element elementor-element-22426543\" data-id=\"22426543\" data-element_type=\"column\">\n\t\t\t<div class=\"elementor-widget-wrap elementor-element-populated\">\n\t\t\t\t\t\t<div class=\"elementor-element elementor-element-67d66ea4 elementor-widget elementor-widget-heading\" data-id=\"67d66ea4\" data-element_type=\"widget\" data-widget_type=\"heading.default\">\n\t\t\t\t<div class=\"elementor-widget-container\">\n\t\t\t\t\t<h2 class=\"elementor-heading-title elementor-size-default\">Lepp\u00e4luodon hallitus<\/h2>\t\t\t\t<\/div>\n\t\t\t\t<\/div>\n\t\t\t\t<div class=\"elementor-element elementor-element-10f073f5 elementor-widget elementor-widget-spacer\" data-id=\"10f073f5\" data-element_type=\"widget\" data-widget_type=\"spacer.default\">\n\t\t\t\t<div class=\"elementor-widget-container\">\n\t\t\t\t\t\t\t<div class=\"elementor-spacer\">\n\t\t\t<div class=\"elementor-spacer-inner\"><\/div>\n\t\t<\/div>\n\t\t\t\t\t\t<\/div>\n\t\t\t\t<\/div>\n\t\t\t\t<div class=\"elementor-element elementor-element-7575dc8a elementor-widget elementor-widget-heading\" data-id=\"7575dc8a\" data-element_type=\"widget\" data-widget_type=\"heading.default\">\n\t\t\t\t<div class=\"elementor-widget-container\">\n\t\t\t\t\t<h5 class=\"elementor-heading-title elementor-size-default\">Tutustu hallituksemme j\u00e4seniin ja t\u00e4\u00e4lt\u00e4 l\u00f6yd\u00e4t my\u00f6s muita tarpeellisia yhteystietoja.<\/h5>\t\t\t\t<\/div>\n\t\t\t\t<\/div>\n\t\t\t\t<div class=\"elementor-element elementor-element-0c8c85c elementor-widget elementor-widget-image\" data-id=\"0c8c85c\" data-element_type=\"widget\" data-widget_type=\"image.default\">\n\t\t\t\t<div class=\"elementor-widget-container\">\n\t\t\t\t\t\t\t\t\t\t\t\t\t\t\t<img fetchpriority=\"high\" decoding=\"async\" width=\"512\" height=\"512\" src=\"http:\/\/www.leppaluodonvenekerho.fi\/wp-content\/uploads\/2024\/01\/man.png\" class=\"attachment-full size-full wp-image-715\" alt=\"\" srcset=\"http:\/\/www.leppaluodonvenekerho.fi\/wp-content\/uploads\/2024\/01\/man.png 512w, http:\/\/www.leppaluodonvenekerho.fi\/wp-content\/uploads\/2024\/01\/man-300x300.png 300w, http:\/\/www.leppaluodonvenekerho.fi\/wp-content\/uploads\/2024\/01\/man-150x150.png 150w, http:\/\/www.leppaluodonvenekerho.fi\/wp-content\/uploads\/2024\/01\/man-500x500.png 500w\" sizes=\"(max-width: 512px) 100vw, 512px\" \/>\t\t\t\t\t\t\t\t\t\t\t\t\t\t\t<\/div>\n\t\t\t\t<\/div>\n\t\t\t\t<div class=\"elementor-element elementor-element-9345833 elementor-widget elementor-widget-heading\" data-id=\"9345833\" data-element_type=\"widget\" data-widget_type=\"heading.default\">\n\t\t\t\t<div class=\"elementor-widget-container\">\n\t\t\t\t\t<h4 class=\"elementor-heading-title elementor-size-default\">Puheenjohtaja - Kommodori: Teemu Ahola<\/h4>\t\t\t\t<\/div>\n\t\t\t\t<\/div>\n\t\t\t\t<div class=\"elementor-element elementor-element-c729612 elementor-widget elementor-widget-text-editor\" data-id=\"c729612\" data-element_type=\"widget\" data-widget_type=\"text-editor.default\">\n\t\t\t\t<div class=\"elementor-widget-container\">\n\t\t\t\t\t\t\t\t\t<p style=\"text-align: center;\">Puhelin: 0503014493<\/p><p style=\"text-align: center;\">Email: puheenjohtaja@leppaluodonvenekerho.fi<\/p>\t\t\t\t\t\t\t\t<\/div>\n\t\t\t\t<\/div>\n\t\t\t\t<section class=\"elementor-section elementor-inner-section elementor-element elementor-element-5e99dd4 elementor-section-full_width qode_elementor_container_inner elementor-section-height-default elementor-section-height-default parallax_section_no\" data-id=\"5e99dd4\" data-element_type=\"section\">\n\t\t\t\t\t\t<div class=\"elementor-container elementor-column-gap-default\">\n\t\t\t\t\t<div class=\"elementor-column elementor-col-33 elementor-inner-column elementor-element elementor-element-614c0cd7\" data-id=\"614c0cd7\" data-element_type=\"column\">\n\t\t\t<div class=\"elementor-widget-wrap elementor-element-populated\">\n\t\t\t\t\t\t<div class=\"elementor-element elementor-element-35363129 elementor-widget elementor-widget-image\" data-id=\"35363129\" data-element_type=\"widget\" data-widget_type=\"image.default\">\n\t\t\t\t<div class=\"elementor-widget-container\">\n\t\t\t\t\t\t\t\t\t\t\t\t\t\t\t<img fetchpriority=\"high\" decoding=\"async\" width=\"512\" height=\"512\" src=\"http:\/\/www.leppaluodonvenekerho.fi\/wp-content\/uploads\/2024\/01\/man.png\" class=\"attachment-full size-full wp-image-715\" alt=\"\" srcset=\"http:\/\/www.leppaluodonvenekerho.fi\/wp-content\/uploads\/2024\/01\/man.png 512w, http:\/\/www.leppaluodonvenekerho.fi\/wp-content\/uploads\/2024\/01\/man-300x300.png 300w, http:\/\/www.leppaluodonvenekerho.fi\/wp-content\/uploads\/2024\/01\/man-150x150.png 150w, http:\/\/www.leppaluodonvenekerho.fi\/wp-content\/uploads\/2024\/01\/man-500x500.png 500w\" sizes=\"(max-width: 512px) 100vw, 512px\" \/>\t\t\t\t\t\t\t\t\t\t\t\t\t\t\t<\/div>\n\t\t\t\t<\/div>\n\t\t\t\t<div class=\"elementor-element elementor-element-624171d0 elementor-widget elementor-widget-spacer\" data-id=\"624171d0\" data-element_type=\"widget\" data-widget_type=\"spacer.default\">\n\t\t\t\t<div class=\"elementor-widget-container\">\n\t\t\t\t\t\t\t<div class=\"elementor-spacer\">\n\t\t\t<div class=\"elementor-spacer-inner\"><\/div>\n\t\t<\/div>\n\t\t\t\t\t\t<\/div>\n\t\t\t\t<\/div>\n\t\t\t\t<div class=\"elementor-element elementor-element-28c8c772 elementor-widget elementor-widget-heading\" data-id=\"28c8c772\" data-element_type=\"widget\" data-widget_type=\"heading.default\">\n\t\t\t\t<div class=\"elementor-widget-container\">\n\t\t\t\t\t<h4 class=\"elementor-heading-title elementor-size-default\">Satamakapteeni \/Varakommodori: Niko Repo<\/h4>\t\t\t\t<\/div>\n\t\t\t\t<\/div>\n\t\t\t\t<div class=\"elementor-element elementor-element-2b9e08fe elementor-widget elementor-widget-spacer\" data-id=\"2b9e08fe\" data-element_type=\"widget\" data-widget_type=\"spacer.default\">\n\t\t\t\t<div class=\"elementor-widget-container\">\n\t\t\t\t\t\t\t<div class=\"elementor-spacer\">\n\t\t\t<div class=\"elementor-spacer-inner\"><\/div>\n\t\t<\/div>\n\t\t\t\t\t\t<\/div>\n\t\t\t\t<\/div>\n\t\t\t\t<div class=\"elementor-element elementor-element-7083465a elementor-widget elementor-widget-text-editor\" data-id=\"7083465a\" data-element_type=\"widget\" data-widget_type=\"text-editor.default\">\n\t\t\t\t<div class=\"elementor-widget-container\">\n\t\t\t\t\t\t\t\t\t<p style=\"text-align: center;\">Puhelin: 0408494606<\/p><p style=\"text-align: center;\">(liittymis ja venepaikka-asiat)<\/p><p style=\"text-align: center;\">Email: satamakapteeni@leppaluodonvenekerho.fi\u00a0<\/p>\t\t\t\t\t\t\t\t<\/div>\n\t\t\t\t<\/div>\n\t\t\t\t<div class=\"elementor-element elementor-element-533ab54 elementor-widget elementor-widget-image\" data-id=\"533ab54\" data-element_type=\"widget\" data-widget_type=\"image.default\">\n\t\t\t\t<div class=\"elementor-widget-container\">\n\t\t\t\t\t\t\t\t\t\t\t\t\t\t\t<img decoding=\"async\" width=\"512\" height=\"512\" src=\"http:\/\/www.leppaluodonvenekerho.fi\/wp-content\/uploads\/2024\/01\/model-1.png\" class=\"attachment-full size-full wp-image-794\" alt=\"\" srcset=\"http:\/\/www.leppaluodonvenekerho.fi\/wp-content\/uploads\/2024\/01\/model-1.png 512w, http:\/\/www.leppaluodonvenekerho.fi\/wp-content\/uploads\/2024\/01\/model-1-300x300.png 300w, http:\/\/www.leppaluodonvenekerho.fi\/wp-content\/uploads\/2024\/01\/model-1-150x150.png 150w, http:\/\/www.leppaluodonvenekerho.fi\/wp-content\/uploads\/2024\/01\/model-1-500x500.png 500w\" sizes=\"(max-width: 512px) 100vw, 512px\" \/>\t\t\t\t\t\t\t\t\t\t\t\t\t\t\t<\/div>\n\t\t\t\t<\/div>\n\t\t\t\t<div class=\"elementor-element elementor-element-2566eba elementor-widget elementor-widget-heading\" data-id=\"2566eba\" data-element_type=\"widget\" data-widget_type=\"heading.default\">\n\t\t\t\t<div class=\"elementor-widget-container\">\n\t\t\t\t\t<h4 class=\"elementor-heading-title elementor-size-default\">Sihteeri: Mari L\u00e4hde<\/h4>\t\t\t\t<\/div>\n\t\t\t\t<\/div>\n\t\t\t\t<div class=\"elementor-element elementor-element-f7cc3c5 elementor-widget elementor-widget-text-editor\" data-id=\"f7cc3c5\" data-element_type=\"widget\" data-widget_type=\"text-editor.default\">\n\t\t\t\t<div class=\"elementor-widget-container\">\n\t\t\t\t\t\t\t\t\t<p style=\"text-align: center;\">Puhelin:&nbsp;<\/p>\n<p style=\"text-align: center;\">Email: sihteeri@leppaluodonvenekerho.fi<\/p>\t\t\t\t\t\t\t\t<\/div>\n\t\t\t\t<\/div>\n\t\t\t\t\t<\/div>\n\t\t<\/div>\n\t\t\t\t<div class=\"elementor-column elementor-col-33 elementor-inner-column elementor-element elementor-element-1d670a6e\" data-id=\"1d670a6e\" data-element_type=\"column\">\n\t\t\t<div class=\"elementor-widget-wrap elementor-element-populated\">\n\t\t\t\t\t\t<div class=\"elementor-element elementor-element-554a947c elementor-widget elementor-widget-image\" data-id=\"554a947c\" data-element_type=\"widget\" data-widget_type=\"image.default\">\n\t\t\t\t<div class=\"elementor-widget-container\">\n\t\t\t\t\t\t\t\t\t\t\t\t\t\t\t<img fetchpriority=\"high\" decoding=\"async\" width=\"512\" height=\"512\" src=\"http:\/\/www.leppaluodonvenekerho.fi\/wp-content\/uploads\/2024\/01\/man.png\" class=\"attachment-full size-full wp-image-715\" alt=\"\" srcset=\"http:\/\/www.leppaluodonvenekerho.fi\/wp-content\/uploads\/2024\/01\/man.png 512w, http:\/\/www.leppaluodonvenekerho.fi\/wp-content\/uploads\/2024\/01\/man-300x300.png 300w, http:\/\/www.leppaluodonvenekerho.fi\/wp-content\/uploads\/2024\/01\/man-150x150.png 150w, http:\/\/www.leppaluodonvenekerho.fi\/wp-content\/uploads\/2024\/01\/man-500x500.png 500w\" sizes=\"(max-width: 512px) 100vw, 512px\" \/>\t\t\t\t\t\t\t\t\t\t\t\t\t\t\t<\/div>\n\t\t\t\t<\/div>\n\t\t\t\t<div class=\"elementor-element elementor-element-1a7112f elementor-widget elementor-widget-heading\" data-id=\"1a7112f\" data-element_type=\"widget\" data-widget_type=\"heading.default\">\n\t\t\t\t<div class=\"elementor-widget-container\">\n\t\t\t\t\t<h4 class=\"elementor-heading-title elementor-size-default\">Telakkamestari: Toni Haanp\u00e4\u00e4<\/h4>\t\t\t\t<\/div>\n\t\t\t\t<\/div>\n\t\t\t\t<div class=\"elementor-element elementor-element-24dbc5ce elementor-widget elementor-widget-text-editor\" data-id=\"24dbc5ce\" data-element_type=\"widget\" data-widget_type=\"text-editor.default\">\n\t\t\t\t<div class=\"elementor-widget-container\">\n\t\t\t\t\t\t\t\t\t<p style=\"text-align: center;\">Puhelin: 0400851429\u00a0<span style=\"background-color: #ffffff; color: #54595f; white-space-collapse: preserve; font-family: var( --e-global-typography-text-font-family ), Sans-serif; font-weight: var( --e-global-typography-text-font-weight );\">Email: telakkamestari@leppaluodonvenekerho.fi<\/span><\/p>\t\t\t\t\t\t\t\t<\/div>\n\t\t\t\t<\/div>\n\t\t\t\t<div class=\"elementor-element elementor-element-70e51d03 elementor-widget elementor-widget-spacer\" data-id=\"70e51d03\" data-element_type=\"widget\" data-widget_type=\"spacer.default\">\n\t\t\t\t<div class=\"elementor-widget-container\">\n\t\t\t\t\t\t\t<div class=\"elementor-spacer\">\n\t\t\t<div class=\"elementor-spacer-inner\"><\/div>\n\t\t<\/div>\n\t\t\t\t\t\t<\/div>\n\t\t\t\t<\/div>\n\t\t\t\t<div class=\"elementor-element elementor-element-7e8e1a5 elementor-widget elementor-widget-spacer\" data-id=\"7e8e1a5\" data-element_type=\"widget\" data-widget_type=\"spacer.default\">\n\t\t\t\t<div class=\"elementor-widget-container\">\n\t\t\t\t\t\t\t<div class=\"elementor-spacer\">\n\t\t\t<div class=\"elementor-spacer-inner\"><\/div>\n\t\t<\/div>\n\t\t\t\t\t\t<\/div>\n\t\t\t\t<\/div>\n\t\t\t\t<div class=\"elementor-element elementor-element-155312d elementor-widget elementor-widget-text-editor\" data-id=\"155312d\" data-element_type=\"widget\" data-widget_type=\"text-editor.default\">\n\t\t\t\t<div class=\"elementor-widget-container\">\n\t\t\t\t\t\t\t\t\t<p style=\"text-align: center;\">Puhelin:&nbsp;&nbsp;<span style=\"background-color: #ffffff; color: #54595f; white-space-collapse: preserve; font-family: var( --e-global-typography-text-font-family ), Sans-serif; font-weight: var( --e-global-typography-text-font-weight );\">Email: <\/span><\/p>\t\t\t\t\t\t\t\t<\/div>\n\t\t\t\t<\/div>\n\t\t\t\t\t<\/div>\n\t\t<\/div>\n\t\t\t\t<div class=\"elementor-column elementor-col-33 elementor-inner-column elementor-element elementor-element-e10ae53\" data-id=\"e10ae53\" data-element_type=\"column\">\n\t\t\t<div class=\"elementor-widget-wrap elementor-element-populated\">\n\t\t\t\t\t\t<div class=\"elementor-element elementor-element-eae3844 elementor-widget elementor-widget-image\" data-id=\"eae3844\" data-element_type=\"widget\" data-widget_type=\"image.default\">\n\t\t\t\t<div class=\"elementor-widget-container\">\n\t\t\t\t\t\t\t\t\t\t\t\t\t\t\t<img decoding=\"async\" width=\"512\" height=\"512\" src=\"http:\/\/www.leppaluodonvenekerho.fi\/wp-content\/uploads\/2024\/01\/model-1.png\" class=\"attachment-full size-full wp-image-794\" alt=\"\" srcset=\"http:\/\/www.leppaluodonvenekerho.fi\/wp-content\/uploads\/2024\/01\/model-1.png 512w, http:\/\/www.leppaluodonvenekerho.fi\/wp-content\/uploads\/2024\/01\/model-1-300x300.png 300w, http:\/\/www.leppaluodonvenekerho.fi\/wp-content\/uploads\/2024\/01\/model-1-150x150.png 150w, http:\/\/www.leppaluodonvenekerho.fi\/wp-content\/uploads\/2024\/01\/model-1-500x500.png 500w\" sizes=\"(max-width: 512px) 100vw, 512px\" \/>\t\t\t\t\t\t\t\t\t\t\t\t\t\t\t<\/div>\n\t\t\t\t<\/div>\n\t\t\t\t<div class=\"elementor-element elementor-element-16f79de9 elementor-widget elementor-widget-spacer\" data-id=\"16f79de9\" data-element_type=\"widget\" data-widget_type=\"spacer.default\">\n\t\t\t\t<div class=\"elementor-widget-container\">\n\t\t\t\t\t\t\t<div class=\"elementor-spacer\">\n\t\t\t<div class=\"elementor-spacer-inner\"><\/div>\n\t\t<\/div>\n\t\t\t\t\t\t<\/div>\n\t\t\t\t<\/div>\n\t\t\t\t<div class=\"elementor-element elementor-element-44c7cce5 elementor-widget elementor-widget-heading\" data-id=\"44c7cce5\" data-element_type=\"widget\" data-widget_type=\"heading.default\">\n\t\t\t\t<div class=\"elementor-widget-container\">\n\t\t\t\t\t<h4 class=\"elementor-heading-title elementor-size-default\">Rahastonhoitaja: Marita Packalen<\/h4>\t\t\t\t<\/div>\n\t\t\t\t<\/div>\n\t\t\t\t<div class=\"elementor-element elementor-element-d751359 elementor-widget elementor-widget-spacer\" data-id=\"d751359\" data-element_type=\"widget\" data-widget_type=\"spacer.default\">\n\t\t\t\t<div class=\"elementor-widget-container\">\n\t\t\t\t\t\t\t<div class=\"elementor-spacer\">\n\t\t\t<div class=\"elementor-spacer-inner\"><\/div>\n\t\t<\/div>\n\t\t\t\t\t\t<\/div>\n\t\t\t\t<\/div>\n\t\t\t\t<div class=\"elementor-element elementor-element-20adc91e elementor-widget elementor-widget-text-editor\" data-id=\"20adc91e\" data-element_type=\"widget\" data-widget_type=\"text-editor.default\">\n\t\t\t\t<div class=\"elementor-widget-container\">\n\t\t\t\t\t\t\t\t\t<p style=\"text-align: center;\">Puhelin: 0401285829<\/p><p style=\"text-align: center;\">(maksuihin liittyv\u00e4t asiat)<\/p><p style=\"text-align: center;\">Email: rahastonhoitaja@leppaluodonvenekerho.fi<\/p>\t\t\t\t\t\t\t\t<\/div>\n\t\t\t\t<\/div>\n\t\t\t\t<div class=\"elementor-element elementor-element-e96bcf0 elementor-widget elementor-widget-image\" data-id=\"e96bcf0\" data-element_type=\"widget\" data-widget_type=\"image.default\">\n\t\t\t\t<div class=\"elementor-widget-container\">\n\t\t\t\t\t\t\t\t\t\t\t\t\t\t\t<img fetchpriority=\"high\" decoding=\"async\" width=\"512\" height=\"512\" src=\"http:\/\/www.leppaluodonvenekerho.fi\/wp-content\/uploads\/2024\/01\/man.png\" class=\"attachment-full size-full wp-image-715\" alt=\"\" srcset=\"http:\/\/www.leppaluodonvenekerho.fi\/wp-content\/uploads\/2024\/01\/man.png 512w, http:\/\/www.leppaluodonvenekerho.fi\/wp-content\/uploads\/2024\/01\/man-300x300.png 300w, http:\/\/www.leppaluodonvenekerho.fi\/wp-content\/uploads\/2024\/01\/man-150x150.png 150w, http:\/\/www.leppaluodonvenekerho.fi\/wp-content\/uploads\/2024\/01\/man-500x500.png 500w\" sizes=\"(max-width: 512px) 100vw, 512px\" \/>\t\t\t\t\t\t\t\t\t\t\t\t\t\t\t<\/div>\n\t\t\t\t<\/div>\n\t\t\t\t<div class=\"elementor-element elementor-element-4ed1b643 elementor-widget elementor-widget-heading\" data-id=\"4ed1b643\" data-element_type=\"widget\" data-widget_type=\"heading.default\">\n\t\t\t\t<div class=\"elementor-widget-container\">\n\t\t\t\t\t<h4 class=\"elementor-heading-title elementor-size-default\">Hallituksen j\u00e4sen\/laitureiden kunnossapito: Jarkko Valtonen<\/h4>\t\t\t\t<\/div>\n\t\t\t\t<\/div>\n\t\t\t\t\t<\/div>\n\t\t<\/div>\n\t\t\t\t\t<\/div>\n\t\t<\/section>\n\t\t\t\t<div class=\"elementor-element elementor-element-3e62f10 elementor-widget elementor-widget-spacer\" data-id=\"3e62f10\" data-element_type=\"widget\" data-widget_type=\"spacer.default\">\n\t\t\t\t<div class=\"elementor-widget-container\">\n\t\t\t\t\t\t\t<div class=\"elementor-spacer\">\n\t\t\t<div class=\"elementor-spacer-inner\"><\/div>\n\t\t<\/div>\n\t\t\t\t\t\t<\/div>\n\t\t\t\t<\/div>\n\t\t<div class=\"elementor-element elementor-element-001c436 e-flex e-con-boxed parallax_section_no qode_elementor_container_no e-con e-parent\" data-id=\"001c436\" data-element_type=\"container\">\n\t\t\t\t\t<div class=\"e-con-inner\">\n\t\t\t\t<div class=\"elementor-element elementor-element-fed23a1 elementor-icon-list--layout-traditional elementor-list-item-link-full_width elementor-widget elementor-widget-icon-list\" data-id=\"fed23a1\" data-element_type=\"widget\" data-widget_type=\"icon-list.default\">\n\t\t\t\t<div class=\"elementor-widget-container\">\n\t\t\t\t\t\t\t<ul class=\"elementor-icon-list-items\">\n\t\t\t\t\t\t\t<li class=\"elementor-icon-list-item\">\n\t\t\t\t\t\t\t\t\t\t\t<span class=\"elementor-icon-list-icon\">\n\t\t\t\t\t\t\t<svg aria-hidden=\"true\" class=\"e-font-icon-svg e-fas-check\" viewBox=\"0 0 512 512\" xmlns=\"http:\/\/www.w3.org\/2000\/svg\"><path d=\"M173.898 439.404l-166.4-166.4c-9.997-9.997-9.997-26.206 0-36.204l36.203-36.204c9.997-9.998 26.207-9.998 36.204 0L192 312.69 432.095 72.596c9.997-9.997 26.207-9.997 36.204 0l36.203 36.204c9.997 9.997 9.997 26.206 0 36.204l-294.4 294.401c-9.998 9.997-26.207 9.997-36.204-.001z\"><\/path><\/svg>\t\t\t\t\t\t<\/span>\n\t\t\t\t\t\t\t\t\t\t<span class=\"elementor-icon-list-text\">Toiminnantarkastaja: Honi Hasib<\/span>\n\t\t\t\t\t\t\t\t\t<\/li>\n\t\t\t\t\t\t\t\t<li class=\"elementor-icon-list-item\">\n\t\t\t\t\t\t\t\t\t\t\t<span class=\"elementor-icon-list-icon\">\n\t\t\t\t\t\t\t<svg aria-hidden=\"true\" class=\"e-font-icon-svg e-fas-check\" viewBox=\"0 0 512 512\" xmlns=\"http:\/\/www.w3.org\/2000\/svg\"><path d=\"M173.898 439.404l-166.4-166.4c-9.997-9.997-9.997-26.206 0-36.204l36.203-36.204c9.997-9.998 26.207-9.998 36.204 0L192 312.69 432.095 72.596c9.997-9.997 26.207-9.997 36.204 0l36.203 36.204c9.997 9.997 9.997 26.206 0 36.204l-294.4 294.401c-9.998 9.997-26.207 9.997-36.204-.001z\"><\/path><\/svg>\t\t\t\t\t\t<\/span>\n\t\t\t\t\t\t\t\t\t\t<span class=\"elementor-icon-list-text\">Varatoiminnantarkastaja: Kimmo Jalonen<\/span>\n\t\t\t\t\t\t\t\t\t<\/li>\n\t\t\t\t\t\t\t\t<li class=\"elementor-icon-list-item\">\n\t\t\t\t\t\t\t\t\t\t\t<span class=\"elementor-icon-list-icon\">\n\t\t\t\t\t\t\t<svg aria-hidden=\"true\" class=\"e-font-icon-svg e-fas-check\" viewBox=\"0 0 512 512\" xmlns=\"http:\/\/www.w3.org\/2000\/svg\"><path d=\"M173.898 439.404l-166.4-166.4c-9.997-9.997-9.997-26.206 0-36.204l36.203-36.204c9.997-9.998 26.207-9.998 36.204 0L192 312.69 432.095 72.596c9.997-9.997 26.207-9.997 36.204 0l36.203 36.204c9.997 9.997 9.997 26.206 0 36.204l-294.4 294.401c-9.998 9.997-26.207 9.997-36.204-.001z\"><\/path><\/svg>\t\t\t\t\t\t<\/span>\n\t\t\t\t\t\t\t\t\t\t<span class=\"elementor-icon-list-text\">Katsastusvastaava: Ransu Lundell Puhelin 0504384196<\/span>\n\t\t\t\t\t\t\t\t\t<\/li>\n\t\t\t\t\t\t<\/ul>\n\t\t\t\t\t\t<\/div>\n\t\t\t\t<\/div>\n\t\t\t\t\t<\/div>\n\t\t\t\t<\/div>\n\t\t\t\t\t<\/div>\n\t\t<\/div>\n\t\t\t\t\t<\/div>\n\t\t<\/section>\n\t\t\t\t<\/div>\n\t\t","protected":false},"excerpt":{"rendered":"<p>Lepp\u00e4luodon hallitus Tutustu hallituksemme j\u00e4seniin ja t\u00e4\u00e4lt\u00e4 l\u00f6yd\u00e4t my\u00f6s muita tarpeellisia yhteystietoja. Puheenjohtaja &#8211; Kommodori: Teemu Ahola&#8230;<\/p>\n","protected":false},"author":1,"featured_media":0,"parent":0,"menu_order":0,"comment_status":"closed","ping_status":"closed","template":"full_width.php","meta":{"footnotes":""},"_links":{"self":[{"href":"http:\/\/www.leppaluodonvenekerho.fi\/index.php\/wp-json\/wp\/v2\/pages\/519"}],"collection":[{"href":"http:\/\/www.leppaluodonvenekerho.fi\/index.php\/wp-json\/wp\/v2\/pages"}],"about":[{"href":"http:\/\/www.leppaluodonvenekerho.fi\/index.php\/wp-json\/wp\/v2\/types\/page"}],"author":[{"embeddable":true,"href":"http:\/\/www.leppaluodonvenekerho.fi\/index.php\/wp-json\/wp\/v2\/users\/1"}],"replies":[{"embeddable":true,"href":"http:\/\/www.leppaluodonvenekerho.fi\/index.php\/wp-json\/wp\/v2\/comments?post=519"}],"version-history":[{"count":67,"href":"http:\/\/www.leppaluodonvenekerho.fi\/index.php\/wp-json\/wp\/v2\/pages\/519\/revisions"}],"predecessor-version":[{"id":1146,"href":"http:\/\/www.leppaluodonvenekerho.fi\/index.php\/wp-json\/wp\/v2\/pages\/519\/revisions\/1146"}],"wp:attachment":[{"href":"http:\/\/www.leppaluodonvenekerho.fi\/index.php\/wp-json\/wp\/v2\/media?parent=519"}],"curies":[{"name":"wp","href":"https:\/\/api.w.org\/{rel}","templated":true}]}}